{"id":794,"date":"2024-01-18T16:25:33","date_gmt":"2024-01-18T15:25:33","guid":{"rendered":"https:\/\/posthotelvista.trisdemo.ch\/restaurant\/"},"modified":"2024-04-10T11:30:17","modified_gmt":"2024-04-10T09:30:17","slug":"restaurant","status":"publish","type":"page","link":"https:\/\/www.posthotelvista.ch\/de\/restaurant\/","title":{"rendered":"Restaurant"},"content":{"rendered":"\n<style type=\"text\/css\" data-created_by=\"avia_inline_auto\" id=\"style-css-av-3z0ih-c21000301e40c7769640f057849760b1\">\n.avia-section.av-3z0ih-c21000301e40c7769640f057849760b1{\nbackground-color:#c7a278;\nbackground-image:unset;\nmargin-top:0;\nmargin-bottom:0;\n}\n<\/style>\n<div id='av_section_1'  class='avia-section av-3z0ih-c21000301e40c7769640f057849760b1 main_color avia-section-no-padding avia-no-border-styling  avia-builder-el-0  el_before_av_section  avia-builder-el-first  avia-bg-style-scroll container_wrap fullsize'  ><div class='container av-section-cont-open' ><main  role=\"main\" itemprop=\"mainContentOfPage\"  class='template-page content  av-content-full alpha units'><div class='post-entry post-entry-type-page post-entry-794'><div class='entry-content-wrapper clearfix'>\n\n<style type=\"text\/css\" data-created_by=\"avia_inline_auto\" id=\"style-css-av-3bbi5-dd9befed1dc96ba34d07bccf5babe423\">\n#top .flex_column.av-3bbi5-dd9befed1dc96ba34d07bccf5babe423{\nmargin-top:0px;\nmargin-bottom:0px;\n}\n.flex_column.av-3bbi5-dd9befed1dc96ba34d07bccf5babe423{\npadding:0 0 0 70px;\n}\n.responsive #top #wrap_all .flex_column.av-3bbi5-dd9befed1dc96ba34d07bccf5babe423{\nmargin-top:0px;\nmargin-bottom:0px;\n}\n\n@media only screen and (min-width: 480px) and (max-width: 767px){ \n.flex_column.av-3bbi5-dd9befed1dc96ba34d07bccf5babe423{\npadding:0 0 0 0;\n}\n}\n\n@media only screen and (max-width: 479px){ \n.flex_column.av-3bbi5-dd9befed1dc96ba34d07bccf5babe423{\npadding:0 0 0 0;\n}\n}\n<\/style>\n<div  class='flex_column av-3bbi5-dd9befed1dc96ba34d07bccf5babe423 av_one_full  avia-builder-el-1  avia-builder-el-no-sibling  first flex_column_div  '     ><style type=\"text\/css\" data-created_by=\"avia_inline_auto\" id=\"style-css-av-lrkt8znl-9ca151525fd95bca36052f5ee4dde367\">\n#top .av-special-heading.av-lrkt8znl-9ca151525fd95bca36052f5ee4dde367{\nmargin:20px 20px 0 20px;\npadding-bottom:0;\ncolor:#ffffff;\n}\nbody .av-special-heading.av-lrkt8znl-9ca151525fd95bca36052f5ee4dde367 .av-special-heading-tag .heading-char{\nfont-size:25px;\n}\n.av-special-heading.av-lrkt8znl-9ca151525fd95bca36052f5ee4dde367 .special-heading-inner-border{\nborder-color:#ffffff;\n}\n.av-special-heading.av-lrkt8znl-9ca151525fd95bca36052f5ee4dde367 .av-subheading{\nfont-size:15px;\n}\n\n@media only screen and (max-width: 479px){ \n#top #wrap_all .av-special-heading.av-lrkt8znl-9ca151525fd95bca36052f5ee4dde367 .av-special-heading-tag{\nfont-size:28px;\n}\n}\n\n@media only screen and (min-width: 990px){ \n#top .av-special-heading.av-lrkt8znl-9ca151525fd95bca36052f5ee4dde367{\nmargin:80px 80px 20px 80px;\n}\n}\n\n@media only screen and (min-width: 768px) and (max-width: 989px){ \n#top .av-special-heading.av-lrkt8znl-9ca151525fd95bca36052f5ee4dde367{\nmargin:80px 80px 20px 80px;\n}\n}\n<\/style>\n<div  class='av-special-heading av-lrkt8znl-9ca151525fd95bca36052f5ee4dde367 av-special-heading-h1 custom-color-heading  avia-builder-el-2  avia-builder-el-no-sibling '><h1 class='av-special-heading-tag '  itemprop=\"headline\"  >Pizzeria &#8211; La Pergola<\/h1><div class=\"special-heading-border\"><div class=\"special-heading-inner-border\"><\/div><\/div><\/div><\/div>\n\n<\/div><\/div><\/main><!-- close content main element --><\/div><\/div><div id='av_section_2'  class='avia-section av-2r9tl-630601c75429d3162de99174736a18bc main_color avia-section-default avia-no-border-styling  avia-builder-el-3  el_after_av_section  el_before_av_section  avia-bg-style-scroll container_wrap fullsize'  ><div class='container av-section-cont-open' ><div class='template-page content  av-content-full alpha units'><div class='post-entry post-entry-type-page post-entry-794'><div class='entry-content-wrapper clearfix'>\n<div  class='flex_column av-1x239-841e09a37bed43faaad47633336c2f67 av_two_third  avia-builder-el-4  el_before_av_one_third  avia-builder-el-first  first flex_column_div  '     ><section  class='av_textblock_section av-192a1-1d8f7b3518ffe0df70393c912420f507 '   itemscope=\"itemscope\" itemtype=\"https:\/\/schema.org\/CreativeWork\" ><div class='avia_textblock'  itemprop=\"text\" ><p style=\"text-align: justify;\">In unserer Pizzeria sind wir stolz darauf, Ihnen t\u00e4glich eine kleine, aber feine Auswahl an Gerichten anzubieten. F\u00fcr diejenigen, die lieber vorausschauend planen, bereiten wir auf Vorbestellung gerne individuelle Men\u00fcs zu.<\/p>\n<p style=\"text-align: justify;\">Unsere Einrichtung freut sich jeden Tag \u00fcber Gruppen, Bankette und Veranstaltungen und bietet den perfekten Rahmen f\u00fcr jeden Anlass.<\/p>\n<p style=\"text-align: justify;\">Besuchen Sie uns und lassen Sie sich von einem kulinarischen Erlebnis verw\u00f6hnen, bei dem wir uns der Verw\u00f6hnung Ihrer Geschmacksnerven widmen.<\/p>\n<\/div><\/section><br \/>\n\n<style type=\"text\/css\" data-created_by=\"avia_inline_auto\" id=\"style-css-av-lrrmnjc6-18f4de78fcde4f49da3974962276caad\">\n#top .avia-gallery.av-lrrmnjc6-18f4de78fcde4f49da3974962276caad .avia-gallery-thumb a{\nwidth:20%;\n}\n<\/style>\n<div  class='avia-gallery av-lrrmnjc6-18f4de78fcde4f49da3974962276caad avia_animate_when_visible  avia-builder-el-6  el_after_av_textblock  avia-builder-el-last  avia_lazyload av-slideshow-ui av-loop-manual-endless av-control-hidden av-navigate-arrows hover-effect av-control-hidden avia-gallery-animate avia-gallery-1'  itemprop=\"image\" itemscope=\"itemscope\" itemtype=\"https:\/\/schema.org\/ImageObject\" ><meta itemprop=\"contentURL\" content=\"https:\/\/www.posthotelvista.ch\/de\/restaurant\/\"><div class='avia-gallery-big-wrapper'><a class='avia-gallery-big fakeLightbox lightbox avia-gallery-big-crop-thumb ' href=\"https:\/\/www.posthotelvista.ch\/wp\/wp-content\/uploads\/2024\/04\/hotel-post-12-web.jpg\" data-srcset=\"https:\/\/www.posthotelvista.ch\/wp\/wp-content\/uploads\/2024\/04\/hotel-post-12-web.jpg 765w, https:\/\/www.posthotelvista.ch\/wp\/wp-content\/uploads\/2024\/04\/hotel-post-12-web-300x225.jpg 300w, https:\/\/www.posthotelvista.ch\/wp\/wp-content\/uploads\/2024\/04\/hotel-post-12-web-705x529.jpg 705w\" data-sizes=\"(max-width: 765px) 100vw, 765px\"  data-onclick='1' title='Hotel Post 12 Web' ><span class='avia-gallery-big-inner'  itemprop=\"thumbnailUrl\" ><img decoding=\"async\" fetchpriority=\"high\" class=\"wp-image-734 avia-img-lazy-loading-not-734\"  width=\"765\" height=\"574\" src=\"https:\/\/www.posthotelvista.ch\/wp\/wp-content\/uploads\/2024\/04\/hotel-post-12-web.jpg\" title='Hotel Post 12 Web' alt='' srcset=\"https:\/\/www.posthotelvista.ch\/wp\/wp-content\/uploads\/2024\/04\/hotel-post-12-web.jpg 765w, https:\/\/www.posthotelvista.ch\/wp\/wp-content\/uploads\/2024\/04\/hotel-post-12-web-300x225.jpg 300w, https:\/\/www.posthotelvista.ch\/wp\/wp-content\/uploads\/2024\/04\/hotel-post-12-web-705x529.jpg 705w\" sizes=\"(max-width: 765px) 100vw, 765px\" \/><\/span><\/a><\/div><div class='avia-gallery-thumb'><a href=\"https:\/\/www.posthotelvista.ch\/wp\/wp-content\/uploads\/2024\/04\/hotel-post-12-web.jpg\" data-srcset=\"https:\/\/www.posthotelvista.ch\/wp\/wp-content\/uploads\/2024\/04\/hotel-post-12-web.jpg 765w, https:\/\/www.posthotelvista.ch\/wp\/wp-content\/uploads\/2024\/04\/hotel-post-12-web-300x225.jpg 300w, https:\/\/www.posthotelvista.ch\/wp\/wp-content\/uploads\/2024\/04\/hotel-post-12-web-705x529.jpg 705w\" data-sizes=\"(max-width: 765px) 100vw, 765px\" data-rel='gallery-1' data-prev-img='https:\/\/www.posthotelvista.ch\/wp\/wp-content\/uploads\/2024\/04\/hotel-post-12-web.jpg' class='first_thumb lightbox ' data-onclick='1' title='Hotel Post 12 Web'  itemprop=\"thumbnailUrl\"  ><img decoding=\"async\" fetchpriority=\"high\" class=\"wp-image-734 avia-img-lazy-loading-not-734\"   src=\"https:\/\/www.posthotelvista.ch\/wp\/wp-content\/uploads\/2024\/04\/hotel-post-12-web-495x400.jpg\" width=\"495\" height=\"400\"  title='Hotel Post 12 Web' alt='' \/><div class='big-prev-fake'><img decoding=\"async\" loading=\"lazy\" class=\"wp-image-734 avia-img-lazy-loading-734\"  width=\"765\" height=\"574\" src=\"https:\/\/www.posthotelvista.ch\/wp\/wp-content\/uploads\/2024\/04\/hotel-post-12-web.jpg\" title='Hotel Post 12 Web' alt='' srcset=\"https:\/\/www.posthotelvista.ch\/wp\/wp-content\/uploads\/2024\/04\/hotel-post-12-web.jpg 765w, https:\/\/www.posthotelvista.ch\/wp\/wp-content\/uploads\/2024\/04\/hotel-post-12-web-300x225.jpg 300w, https:\/\/www.posthotelvista.ch\/wp\/wp-content\/uploads\/2024\/04\/hotel-post-12-web-705x529.jpg 705w\" sizes=\"auto, (max-width: 765px) 100vw, 765px\" \/><\/div><\/a><a href=\"https:\/\/www.posthotelvista.ch\/wp\/wp-content\/uploads\/2024\/04\/hotel-post-11-web.jpg\" data-srcset=\"https:\/\/www.posthotelvista.ch\/wp\/wp-content\/uploads\/2024\/04\/hotel-post-11-web.jpg 769w, https:\/\/www.posthotelvista.ch\/wp\/wp-content\/uploads\/2024\/04\/hotel-post-11-web-300x222.jpg 300w, https:\/\/www.posthotelvista.ch\/wp\/wp-content\/uploads\/2024\/04\/hotel-post-11-web-705x522.jpg 705w\" data-sizes=\"(max-width: 769px) 100vw, 769px\" data-rel='gallery-1' data-prev-img='https:\/\/www.posthotelvista.ch\/wp\/wp-content\/uploads\/2024\/04\/hotel-post-11-web.jpg' class='lightbox ' data-onclick='2' title='Hotel Post 11 Web'  itemprop=\"thumbnailUrl\"  ><img decoding=\"async\" fetchpriority=\"high\" class=\"wp-image-730 avia-img-lazy-loading-not-730\"   src=\"https:\/\/www.posthotelvista.ch\/wp\/wp-content\/uploads\/2024\/04\/hotel-post-11-web-495x400.jpg\" width=\"495\" height=\"400\"  title='Hotel Post 11 Web' alt='' \/><div class='big-prev-fake'><img decoding=\"async\" loading=\"lazy\" class=\"wp-image-730 avia-img-lazy-loading-730\"  width=\"769\" height=\"569\" src=\"https:\/\/www.posthotelvista.ch\/wp\/wp-content\/uploads\/2024\/04\/hotel-post-11-web.jpg\" title='Hotel Post 11 Web' alt='' srcset=\"https:\/\/www.posthotelvista.ch\/wp\/wp-content\/uploads\/2024\/04\/hotel-post-11-web.jpg 769w, https:\/\/www.posthotelvista.ch\/wp\/wp-content\/uploads\/2024\/04\/hotel-post-11-web-300x222.jpg 300w, https:\/\/www.posthotelvista.ch\/wp\/wp-content\/uploads\/2024\/04\/hotel-post-11-web-705x522.jpg 705w\" sizes=\"auto, (max-width: 769px) 100vw, 769px\" \/><\/div><\/a><a href=\"https:\/\/www.posthotelvista.ch\/wp\/wp-content\/uploads\/2024\/04\/hotel-post-13-web.jpg\" data-srcset=\"https:\/\/www.posthotelvista.ch\/wp\/wp-content\/uploads\/2024\/04\/hotel-post-13-web.jpg 800w, https:\/\/www.posthotelvista.ch\/wp\/wp-content\/uploads\/2024\/04\/hotel-post-13-web-300x225.jpg 300w, https:\/\/www.posthotelvista.ch\/wp\/wp-content\/uploads\/2024\/04\/hotel-post-13-web-768x576.jpg 768w, https:\/\/www.posthotelvista.ch\/wp\/wp-content\/uploads\/2024\/04\/hotel-post-13-web-705x529.jpg 705w\" data-sizes=\"(max-width: 800px) 100vw, 800px\" data-rel='gallery-1' data-prev-img='https:\/\/www.posthotelvista.ch\/wp\/wp-content\/uploads\/2024\/04\/hotel-post-13-web.jpg' class='lightbox ' data-onclick='3' title='Hotel Post 13 Web'  itemprop=\"thumbnailUrl\"  ><img decoding=\"async\" fetchpriority=\"high\" class=\"wp-image-738 avia-img-lazy-loading-not-738\"   src=\"https:\/\/www.posthotelvista.ch\/wp\/wp-content\/uploads\/2024\/04\/hotel-post-13-web-495x400.jpg\" width=\"495\" height=\"400\"  title='Hotel Post 13 Web' alt='' \/><div class='big-prev-fake'><img decoding=\"async\" loading=\"lazy\" class=\"wp-image-738 avia-img-lazy-loading-738\"  width=\"800\" height=\"600\" src=\"https:\/\/www.posthotelvista.ch\/wp\/wp-content\/uploads\/2024\/04\/hotel-post-13-web.jpg\" title='Hotel Post 13 Web' alt='' srcset=\"https:\/\/www.posthotelvista.ch\/wp\/wp-content\/uploads\/2024\/04\/hotel-post-13-web.jpg 800w, https:\/\/www.posthotelvista.ch\/wp\/wp-content\/uploads\/2024\/04\/hotel-post-13-web-300x225.jpg 300w, https:\/\/www.posthotelvista.ch\/wp\/wp-content\/uploads\/2024\/04\/hotel-post-13-web-768x576.jpg 768w, https:\/\/www.posthotelvista.ch\/wp\/wp-content\/uploads\/2024\/04\/hotel-post-13-web-705x529.jpg 705w\" sizes=\"auto, (max-width: 800px) 100vw, 800px\" \/><\/div><\/a><\/div><\/div><\/p><\/div>\n<style type=\"text\/css\" data-created_by=\"avia_inline_auto\" id=\"style-css-av-lrkuevzy-08115c90235dc55d3c18a691b0cf5eb0\">\n@keyframes av_boxShadowEffect_av-lrkuevzy-08115c90235dc55d3c18a691b0cf5eb0-column {\n0%   { box-shadow:  0 0 0 0 rgba(0,0,0,0.35); opacity: 1; }\n100% { box-shadow:  0 0 10px 0 rgba(0,0,0,0.35); opacity: 1; }\n}\n.flex_column.av-lrkuevzy-08115c90235dc55d3c18a691b0cf5eb0{\nbox-shadow: 0 0 10px 0 rgba(0,0,0,0.35);\nborder-radius:10px 10px 10px 10px;\npadding:30px 30px 30px 30px;\nbackground:url(https:\/\/www.posthotelvista.ch\/wp\/wp-content\/uploads\/2024\/01\/SapinsBWT-225x300.png) 100% 100% no-repeat scroll #c7a278;\n}\n<\/style>\n<div  class='flex_column av-lrkuevzy-08115c90235dc55d3c18a691b0cf5eb0 av_one_third  avia-builder-el-7  el_after_av_two_third  avia-builder-el-last  flex_column_div av-animated-generic fade-in-right shadow-not-animated  '     ><p>\n<style type=\"text\/css\" data-created_by=\"avia_inline_auto\" id=\"style-css-av-2mob9-69039131f7eac38be37b2204d72cb129\">\n.iconbox.av-2mob9-69039131f7eac38be37b2204d72cb129 .iconbox_icon{\ncolor:#ffffff;\n}\n.iconbox.av-2mob9-69039131f7eac38be37b2204d72cb129 .iconbox_icon.avia-svg-icon svg:first-child{\nfill:#ffffff;\nstroke:#ffffff;\n}\n#top #wrap_all .iconbox.av-2mob9-69039131f7eac38be37b2204d72cb129 .iconbox_content_title{\ncolor:#ffffff;\n}\n.iconbox.av-2mob9-69039131f7eac38be37b2204d72cb129 .iconbox_content_container{\ncolor:#ffffff;\n}\n<\/style>\n<article  class='iconbox iconbox_left av-2mob9-69039131f7eac38be37b2204d72cb129 av-icon-style-no-border  avia-builder-el-8  el_before_av_icon_box  avia-builder-el-first '  itemscope=\"itemscope\" itemtype=\"https:\/\/schema.org\/CreativeWork\" ><div class=\"iconbox_content\"><header class=\"entry-content-header\" aria-label=\"Icon: Post Hotel - Vista\"><div class='iconbox_icon heading-color avia-iconfont avia-font-entypo-fontello' data-av_icon='\ue842' data-av_iconfont='entypo-fontello'  ><\/div><h3 class='iconbox_content_title '  itemprop=\"headline\" >Post Hotel - Vista<\/h3><\/header><div class='iconbox_content_container av_inherit_color'  itemprop=\"text\" ><p><span class=\"LrzXr\">Saanenstrasse 15<br \/>\n<\/span><span class=\"LrzXr\">3770 Zweisimmen<\/span><\/p>\n<\/div><\/div><footer class=\"entry-footer\"><\/footer><\/article><br \/>\n\n<style type=\"text\/css\" data-created_by=\"avia_inline_auto\" id=\"style-css-av-1wb8l-3345d1385f1b4ece163bb2b749218362\">\n.iconbox.av-1wb8l-3345d1385f1b4ece163bb2b749218362 .iconbox_icon{\ncolor:#ffffff;\n}\n.iconbox.av-1wb8l-3345d1385f1b4ece163bb2b749218362 .iconbox_icon.avia-svg-icon svg:first-child{\nfill:#ffffff;\nstroke:#ffffff;\n}\n#top #wrap_all .iconbox.av-1wb8l-3345d1385f1b4ece163bb2b749218362 .iconbox_content_title{\ncolor:#ffffff;\n}\n.iconbox.av-1wb8l-3345d1385f1b4ece163bb2b749218362 .iconbox_content_container{\ncolor:#ffffff;\n}\n<\/style>\n<article  class='iconbox iconbox_left av-1wb8l-3345d1385f1b4ece163bb2b749218362 av-icon-style-no-border  avia-builder-el-9  el_after_av_icon_box  el_before_av_icon_box '  itemscope=\"itemscope\" itemtype=\"https:\/\/schema.org\/CreativeWork\" ><div class=\"iconbox_content\"><header class=\"entry-content-header\" aria-label=\"Icon: Telefon\"><div class='iconbox_icon heading-color avia-iconfont avia-font-entypo-fontello' data-av_icon='\ue854' data-av_iconfont='entypo-fontello'  ><\/div><h3 class='iconbox_content_title '  itemprop=\"headline\" >Telefon<\/h3><\/header><div class='iconbox_content_container av_inherit_color'  itemprop=\"text\" ><p><a href=\"tel:033%20729%2030%2040\"><span data-offset-key=\"7vgn7-0-0\">033 729 30 40<\/span><\/a><\/p>\n<\/div><\/div><footer class=\"entry-footer\"><\/footer><\/article><br \/>\n\n<style type=\"text\/css\" data-created_by=\"avia_inline_auto\" id=\"style-css-av-lrrm9h8g-03d8cc4c74a6ab5047cc4ec3c8ea9cdc\">\n.iconbox.av-lrrm9h8g-03d8cc4c74a6ab5047cc4ec3c8ea9cdc .iconbox_icon{\ncolor:#ffffff;\n}\n.iconbox.av-lrrm9h8g-03d8cc4c74a6ab5047cc4ec3c8ea9cdc .iconbox_icon.avia-svg-icon svg:first-child{\nfill:#ffffff;\nstroke:#ffffff;\n}\n#top #wrap_all .iconbox.av-lrrm9h8g-03d8cc4c74a6ab5047cc4ec3c8ea9cdc .iconbox_content_title{\ncolor:#ffffff;\n}\n.iconbox.av-lrrm9h8g-03d8cc4c74a6ab5047cc4ec3c8ea9cdc .iconbox_content_container{\ncolor:#ffffff;\n}\n<\/style>\n<article  class='iconbox iconbox_left av-lrrm9h8g-03d8cc4c74a6ab5047cc4ec3c8ea9cdc av-icon-style-no-border  avia-builder-el-10  el_after_av_icon_box  avia-builder-el-last '  itemscope=\"itemscope\" itemtype=\"https:\/\/schema.org\/CreativeWork\" ><div class=\"iconbox_content\"><header class=\"entry-content-header\" aria-label=\"Icon: E-Mail\"><div class='iconbox_icon heading-color avia-iconfont avia-font-entypo-fontello' data-av_icon='\ue805' data-av_iconfont='entypo-fontello'  ><\/div><h3 class='iconbox_content_title '  itemprop=\"headline\" >E-Mail<\/h3><\/header><div class='iconbox_content_container av_inherit_color'  itemprop=\"text\" ><p><a href=\"mailto:reservation@posthotelvista.ch\"><span data-offset-key=\"7vgn7-0-0\"> reservation@posthotelvista.ch<\/span><\/a><\/p>\n<\/div><\/div><footer class=\"entry-footer\"><\/footer><\/article><\/p><\/div><\/div><\/div><\/div><!-- close content main div --><\/div><\/div>\n<style type=\"text\/css\" data-created_by=\"avia_inline_auto\" id=\"style-css-av-vdop-bba9f6f2e3be0b50ffd94fcadb3f4990\">\n.avia-section.av-vdop-bba9f6f2e3be0b50ffd94fcadb3f4990{\nposition:relative;\n}\n.avia-section.av-vdop-bba9f6f2e3be0b50ffd94fcadb3f4990 .avia-divider-svg-top svg{\nheight:100px;\nwidth:calc(100% + 1.3px);\nfill:#c7a278;\n}\n<\/style>\n<div id='av_section_3'  class='avia-section av-vdop-bba9f6f2e3be0b50ffd94fcadb3f4990 main_color avia-section-no-padding avia-no-border-styling  avia-builder-el-11  el_after_av_section  avia-builder-el-last  avia-bg-style-scroll container_wrap fullsize'  ><div class='avia-divider-svg avia-divider-svg-wave-vista avia-divider-svg-top avia-svg-original'><?xml version=\"1.0\" encoding=\"UTF-8\"?><svg id=\"a\" xmlns=\"http:\/\/www.w3.org\/2000\/svg\" viewBox=\"0 0 1920 200\" preserveAspectRatio=\"none\">\r\n<path id=\"wave\" d=\"M1920,108.65s-215.38,175.79-833.97,39.94C467.4,12.72,192.48-19.23.02,116.62c1.99-2.63,190.44-247.32,1076.87-19.96,623.14,159.84,843.11,11.99,843.11,11.99Z\" style=\"opacity:.5;\"\/>\r\n<path id=\"under-wave\" d=\"M1920,108.65v286.35H0V116.64c.01,0,.01-.01.02-.02C192.48-19.23,467.4,12.72,1086.03,148.59c618.59,135.85,833.97-39.94,833.97-39.94Z\"\/><\/svg><\/div><div class='container av-section-cont-open' ><div class='template-page content  av-content-full alpha units'><div class='post-entry post-entry-type-page post-entry-794'><div class='entry-content-wrapper clearfix'><\/p>\n","protected":false},"excerpt":{"rendered":"","protected":false},"author":1,"featured_media":0,"parent":0,"menu_order":0,"comment_status":"closed","ping_status":"closed","template":"","meta":{"footnotes":""},"class_list":["post-794","page","type-page","status-publish","hentry"],"yoast_head":"<!-- This site is optimized with the Yoast SEO plugin v27.4 - https:\/\/yoast.com\/product\/yoast-seo-wordpress\/ -->\n<title>Restaurant - Post Hotel - Vista<\/title>\n<meta name=\"description\" content=\"Unser Restaurant Pizzeria ist stolz darauf, Ihnen t\u00e4glich eine kleine, aber feine Auswahl an Gerichten anzubieten.\" \/>\n<meta name=\"robots\" content=\"index, follow, max-snippet:-1, max-image-preview:large, max-video-preview:-1\" \/>\n<link rel=\"canonical\" href=\"https:\/\/www.posthotelvista.ch\/de\/restaurant\/\" \/>\n<meta property=\"og:locale\" content=\"de_DE\" \/>\n<meta property=\"og:type\" content=\"article\" \/>\n<meta property=\"og:title\" content=\"Restaurant - Post Hotel - Vista\" \/>\n<meta property=\"og:description\" content=\"Unser Restaurant Pizzeria ist stolz darauf, Ihnen t\u00e4glich eine kleine, aber feine Auswahl an Gerichten anzubieten.\" \/>\n<meta property=\"og:url\" content=\"https:\/\/www.posthotelvista.ch\/de\/restaurant\/\" \/>\n<meta property=\"og:site_name\" content=\"Post Hotel - Vista\" \/>\n<meta property=\"article:modified_time\" content=\"2024-04-10T09:30:17+00:00\" \/>\n<meta name=\"twitter:card\" content=\"summary_large_image\" \/>\n<meta name=\"twitter:label1\" content=\"Est. reading time\" \/>\n\t<meta name=\"twitter:data1\" content=\"16 minutes\" \/>\n<script type=\"application\/ld+json\" class=\"yoast-schema-graph\">{\"@context\":\"https:\\\/\\\/schema.org\",\"@graph\":[{\"@type\":\"WebPage\",\"@id\":\"https:\\\/\\\/www.posthotelvista.ch\\\/de\\\/restaurant\\\/\",\"url\":\"https:\\\/\\\/www.posthotelvista.ch\\\/de\\\/restaurant\\\/\",\"name\":\"Restaurant - Post Hotel - Vista\",\"isPartOf\":{\"@id\":\"https:\\\/\\\/www.posthotelvista.ch\\\/de\\\/#website\"},\"datePublished\":\"2024-01-18T15:25:33+00:00\",\"dateModified\":\"2024-04-10T09:30:17+00:00\",\"description\":\"Unser Restaurant Pizzeria ist stolz darauf, Ihnen t\u00e4glich eine kleine, aber feine Auswahl an Gerichten anzubieten.\",\"breadcrumb\":{\"@id\":\"https:\\\/\\\/www.posthotelvista.ch\\\/de\\\/restaurant\\\/#breadcrumb\"},\"inLanguage\":\"de-DE\",\"potentialAction\":[{\"@type\":\"ReadAction\",\"target\":[\"https:\\\/\\\/www.posthotelvista.ch\\\/de\\\/restaurant\\\/\"]}]},{\"@type\":\"BreadcrumbList\",\"@id\":\"https:\\\/\\\/www.posthotelvista.ch\\\/de\\\/restaurant\\\/#breadcrumb\",\"itemListElement\":[{\"@type\":\"ListItem\",\"position\":1,\"name\":\"Accueil\",\"item\":\"https:\\\/\\\/www.posthotelvista.ch\\\/de\\\/\"},{\"@type\":\"ListItem\",\"position\":2,\"name\":\"Restaurant\"}]},{\"@type\":\"WebSite\",\"@id\":\"https:\\\/\\\/www.posthotelvista.ch\\\/de\\\/#website\",\"url\":\"https:\\\/\\\/www.posthotelvista.ch\\\/de\\\/\",\"name\":\"Post Hotel - Vista\",\"description\":\"\",\"potentialAction\":[{\"@type\":\"SearchAction\",\"target\":{\"@type\":\"EntryPoint\",\"urlTemplate\":\"https:\\\/\\\/www.posthotelvista.ch\\\/de\\\/?s={search_term_string}\"},\"query-input\":{\"@type\":\"PropertyValueSpecification\",\"valueRequired\":true,\"valueName\":\"search_term_string\"}}],\"inLanguage\":\"de-DE\"}]}<\/script>\n<!-- \/ Yoast SEO plugin. -->","yoast_head_json":{"title":"Restaurant - Post Hotel - Vista","description":"Unser Restaurant Pizzeria ist stolz darauf, Ihnen t\u00e4glich eine kleine, aber feine Auswahl an Gerichten anzubieten.","robots":{"index":"index","follow":"follow","max-snippet":"max-snippet:-1","max-image-preview":"max-image-preview:large","max-video-preview":"max-video-preview:-1"},"canonical":"https:\/\/www.posthotelvista.ch\/de\/restaurant\/","og_locale":"de_DE","og_type":"article","og_title":"Restaurant - Post Hotel - Vista","og_description":"Unser Restaurant Pizzeria ist stolz darauf, Ihnen t\u00e4glich eine kleine, aber feine Auswahl an Gerichten anzubieten.","og_url":"https:\/\/www.posthotelvista.ch\/de\/restaurant\/","og_site_name":"Post Hotel - Vista","article_modified_time":"2024-04-10T09:30:17+00:00","twitter_card":"summary_large_image","twitter_misc":{"Est. reading time":"16 minutes"},"schema":{"@context":"https:\/\/schema.org","@graph":[{"@type":"WebPage","@id":"https:\/\/www.posthotelvista.ch\/de\/restaurant\/","url":"https:\/\/www.posthotelvista.ch\/de\/restaurant\/","name":"Restaurant - Post Hotel - Vista","isPartOf":{"@id":"https:\/\/www.posthotelvista.ch\/de\/#website"},"datePublished":"2024-01-18T15:25:33+00:00","dateModified":"2024-04-10T09:30:17+00:00","description":"Unser Restaurant Pizzeria ist stolz darauf, Ihnen t\u00e4glich eine kleine, aber feine Auswahl an Gerichten anzubieten.","breadcrumb":{"@id":"https:\/\/www.posthotelvista.ch\/de\/restaurant\/#breadcrumb"},"inLanguage":"de-DE","potentialAction":[{"@type":"ReadAction","target":["https:\/\/www.posthotelvista.ch\/de\/restaurant\/"]}]},{"@type":"BreadcrumbList","@id":"https:\/\/www.posthotelvista.ch\/de\/restaurant\/#breadcrumb","itemListElement":[{"@type":"ListItem","position":1,"name":"Accueil","item":"https:\/\/www.posthotelvista.ch\/de\/"},{"@type":"ListItem","position":2,"name":"Restaurant"}]},{"@type":"WebSite","@id":"https:\/\/www.posthotelvista.ch\/de\/#website","url":"https:\/\/www.posthotelvista.ch\/de\/","name":"Post Hotel - Vista","description":"","potentialAction":[{"@type":"SearchAction","target":{"@type":"EntryPoint","urlTemplate":"https:\/\/www.posthotelvista.ch\/de\/?s={search_term_string}"},"query-input":{"@type":"PropertyValueSpecification","valueRequired":true,"valueName":"search_term_string"}}],"inLanguage":"de-DE"}]}},"_links":{"self":[{"href":"https:\/\/www.posthotelvista.ch\/de\/wp-json\/wp\/v2\/pages\/794","targetHints":{"allow":["GET"]}}],"collection":[{"href":"https:\/\/www.posthotelvista.ch\/de\/wp-json\/wp\/v2\/pages"}],"about":[{"href":"https:\/\/www.posthotelvista.ch\/de\/wp-json\/wp\/v2\/types\/page"}],"author":[{"embeddable":true,"href":"https:\/\/www.posthotelvista.ch\/de\/wp-json\/wp\/v2\/users\/1"}],"replies":[{"embeddable":true,"href":"https:\/\/www.posthotelvista.ch\/de\/wp-json\/wp\/v2\/comments?post=794"}],"version-history":[{"count":2,"href":"https:\/\/www.posthotelvista.ch\/de\/wp-json\/wp\/v2\/pages\/794\/revisions"}],"predecessor-version":[{"id":801,"href":"https:\/\/www.posthotelvista.ch\/de\/wp-json\/wp\/v2\/pages\/794\/revisions\/801"}],"wp:attachment":[{"href":"https:\/\/www.posthotelvista.ch\/de\/wp-json\/wp\/v2\/media?parent=794"}],"curies":[{"name":"wp","href":"https:\/\/api.w.org\/{rel}","templated":true}]}}